{"id":11,"date":"2023-10-04T12:22:57","date_gmt":"2023-10-04T12:22:57","guid":{"rendered":"https:\/\/www.residenzaechia.it\/?page_id=11"},"modified":"2025-03-26T17:30:09","modified_gmt":"2025-03-26T16:30:09","slug":"servizi","status":"publish","type":"page","link":"https:\/\/www.residenzaechia.it\/en\/servizi\/","title":{"rendered":"SERVICES"},"content":{"rendered":"<div data-elementor-type=\"wp-page\" data-elementor-id=\"11\" class=\"elementor elementor-11\">\n\t\t\t\t<div class=\"elementor-element elementor-element-40ca529 e-con-full elementor-hidden-mobile e-flex e-con e-parent\" data-id=\"40ca529\" data-element_type=\"container\" data-e-type=\"container\" data-settings=\"{&quot;background_background&quot;:&quot;classic&quot;}\">\n\t\t<div class=\"elementor-element elementor-element-bc71a6e e-con-full e-flex e-con e-child\" data-id=\"bc71a6e\" data-element_type=\"container\" data-e-type=\"container\">\n\t\t\t\t<div class=\"elementor-element elementor-element-ba3e76e elementor-widget elementor-widget-heading\" data-id=\"ba3e76e\" data-element_type=\"widget\" data-e-type=\"widget\" data-widget_type=\"heading.default\">\n\t\t\t\t<div class=\"elementor-widget-container\">\n\t\t\t\t\t<h1 class=\"elementor-heading-title elementor-size-default\">Residenza Echia:\n<span class=\"hotel6-heading-decorative\">l'alternativa<\/span> a B&amp;B ed Hotel<\/h1>\t\t\t\t<\/div>\n\t\t\t\t<\/div>\n\t\t\t\t<div class=\"elementor-element elementor-element-aae6380 elementor-widget elementor-widget-heading\" data-id=\"aae6380\" data-element_type=\"widget\" data-e-type=\"widget\" data-widget_type=\"heading.default\">\n\t\t\t\t<div class=\"elementor-widget-container\">\n\t\t\t\t\t<h6 class=\"elementor-heading-title elementor-size-default\">Un servizio <b>accurato<\/b> e personalizzato, una conduzione <b>discreta<\/b> ma presente, rendono la permanenza <b>confortevole<\/b> al pari di un albergo, lasciando tuttavia maggiori spazi e maggior riservatezza al cliente.&nbsp;Le <b>dotazioni<\/b> a disposizione consentono agli ospiti business di sentirsi come a casa propria, sia nel caso di brevi soggiorni sia nel caso di lunghe permanenze. <b>Qualsiasi<\/b> sia la durata della permanenza, pochi giorni, qualche settimana o un intero anno, il nostro obiettivo \u00e8 far sentire i nostri ospiti <b>come a casa<\/b>.<\/h6>\t\t\t\t<\/div>\n\t\t\t\t<\/div>\n\t\t\t\t<\/div>\n\t\t\t\t<\/div>\n\t\t<div class=\"elementor-element elementor-element-3daef5e elementor-hidden-desktop e-flex e-con-boxed e-con e-parent\" data-id=\"3daef5e\" data-element_type=\"container\" data-e-type=\"container\" data-settings=\"{&quot;background_background&quot;:&quot;classic&quot;}\">\n\t\t\t\t\t<div class=\"e-con-inner\">\n\t\t\t\t<div class=\"elementor-element elementor-element-bd9d574 elementor-widget elementor-widget-heading\" data-id=\"bd9d574\" data-element_type=\"widget\" data-e-type=\"widget\" data-widget_type=\"heading.default\">\n\t\t\t\t<div class=\"elementor-widget-container\">\n\t\t\t\t\t<h1 class=\"elementor-heading-title elementor-size-default\">Residenza Echia:\n<span class=\"hotel6-heading-decorative\">l'alternativa<\/span> a B&amp;B ed Hotel<\/h1>\t\t\t\t<\/div>\n\t\t\t\t<\/div>\n\t\t\t\t<div class=\"elementor-element elementor-element-761022e elementor-widget elementor-widget-heading\" data-id=\"761022e\" data-element_type=\"widget\" data-e-type=\"widget\" data-widget_type=\"heading.default\">\n\t\t\t\t<div class=\"elementor-widget-container\">\n\t\t\t\t\t<h6 class=\"elementor-heading-title elementor-size-default\">Un servizio <b>accurato<\/b> e personalizzato, una conduzione <b>discreta<\/b> ma presente, rendono la permanenza <b>confortevole<\/b> al pari di un albergo, lasciando tuttavia maggiori spazi e maggior riservatezza al cliente.&nbsp;Le <b>dotazioni<\/b> a disposizione consentono agli ospiti business di sentirsi come a casa propria, sia nel caso di brevi soggiorni sia nel caso di lunghe permanenze. <b>Qualsiasi<\/b> sia la durata della permanenza, pochi giorni, qualche settimana o un intero anno, il nostro obiettivo \u00e8 far sentire i nostri ospiti <b>come a casa<\/b>.<\/h6>\t\t\t\t<\/div>\n\t\t\t\t<\/div>\n\t\t\t\t\t<\/div>\n\t\t\t\t<\/div>\n\t\t<div class=\"elementor-element elementor-element-2f3db08 e-flex e-con-boxed e-con e-parent\" data-id=\"2f3db08\" data-element_type=\"container\" data-e-type=\"container\" data-settings=\"{&quot;background_background&quot;:&quot;classic&quot;}\">\n\t\t\t\t\t<div class=\"e-con-inner\">\n\t\t<div class=\"elementor-element elementor-element-b0fae61 e-con-full e-flex e-con e-child\" data-id=\"b0fae61\" data-element_type=\"container\" data-e-type=\"container\">\n\t\t\t\t<div class=\"elementor-element elementor-element-9044f4e elementor-widget__width-initial elementor-widget elementor-widget-image\" data-id=\"9044f4e\" data-element_type=\"widget\" data-e-type=\"widget\" data-widget_type=\"image.default\">\n\t\t\t\t<div class=\"elementor-widget-container\">\n\t\t\t\t\t\t\t\t\t\t\t\t\t\t\t<img fetchpriority=\"high\" decoding=\"async\" width=\"1200\" height=\"799\" src=\"https:\/\/www.residenzaechia.it\/wp-content\/uploads\/2024\/08\/maid1-1200x799.jpg\" class=\"attachment-large size-large wp-image-1118\" alt=\"\" srcset=\"https:\/\/www.residenzaechia.it\/wp-content\/uploads\/2024\/08\/maid1-1200x799.jpg 1200w, https:\/\/www.residenzaechia.it\/wp-content\/uploads\/2024\/08\/maid1-500x333.jpg 500w, https:\/\/www.residenzaechia.it\/wp-content\/uploads\/2024\/08\/maid1-300x200.jpg 300w, https:\/\/www.residenzaechia.it\/wp-content\/uploads\/2024\/08\/maid1-768x511.jpg 768w, https:\/\/www.residenzaechia.it\/wp-content\/uploads\/2024\/08\/maid1-1536x1023.jpg 1536w, https:\/\/www.residenzaechia.it\/wp-content\/uploads\/2024\/08\/maid1-18x12.jpg 18w, https:\/\/www.residenzaechia.it\/wp-content\/uploads\/2024\/08\/maid1-113x75.jpg 113w, https:\/\/www.residenzaechia.it\/wp-content\/uploads\/2024\/08\/maid1-480x320.jpg 480w, https:\/\/www.residenzaechia.it\/wp-content\/uploads\/2024\/08\/maid1.jpg 1601w\" sizes=\"(max-width:767px) 480px, (max-width:1200px) 100vw, 1200px\" \/>\t\t\t\t\t\t\t\t\t\t\t\t\t\t\t<\/div>\n\t\t\t\t<\/div>\n\t\t\t\t<\/div>\n\t\t<div class=\"elementor-element elementor-element-eafcd0b e-con-full e-flex e-con e-child\" data-id=\"eafcd0b\" data-element_type=\"container\" data-e-type=\"container\">\n\t\t\t\t<div class=\"elementor-element elementor-element-338eed6 elementor-widget elementor-widget-heading\" data-id=\"338eed6\" data-element_type=\"widget\" data-e-type=\"widget\" data-widget_type=\"heading.default\">\n\t\t\t\t<div class=\"elementor-widget-container\">\n\t\t\t\t\t<h4 class=\"elementor-heading-title elementor-size-default\">Cleaning in the apartment<\/h4>\t\t\t\t<\/div>\n\t\t\t\t<\/div>\n\t\t\t\t<div class=\"elementor-element elementor-element-9e8e107 elementor-widget-divider--view-line elementor-widget elementor-widget-divider\" data-id=\"9e8e107\" data-element_type=\"widget\" data-e-type=\"widget\" data-widget_type=\"divider.default\">\n\t\t\t\t<div class=\"elementor-widget-container\">\n\t\t\t\t\t\t\t<div class=\"elementor-divider\">\n\t\t\t<span class=\"elementor-divider-separator\">\n\t\t\t\t\t\t<\/span>\n\t\t<\/div>\n\t\t\t\t\t\t<\/div>\n\t\t\t\t<\/div>\n\t\t<div class=\"elementor-element elementor-element-42fb0b5 e-con-full e-flex e-con e-child\" data-id=\"42fb0b5\" data-element_type=\"container\" data-e-type=\"container\">\n\t\t<div class=\"elementor-element elementor-element-4a9dc15 e-flex e-con-boxed e-con e-child\" data-id=\"4a9dc15\" data-element_type=\"container\" data-e-type=\"container\">\n\t\t\t\t\t<div class=\"e-con-inner\">\n\t\t\t\t<div class=\"elementor-element elementor-element-eabee9e elementor-widget elementor-widget-text-editor\" data-id=\"eabee9e\" data-element_type=\"widget\" data-e-type=\"widget\" data-widget_type=\"text-editor.default\">\n\t\t\t\t<div class=\"elementor-widget-container\">\n\t\t\t\t\t\t\t\t\t<p class=\"p1\"><span class=\"s1\">Settimanale, nelle ore del mattino dal Luned\u00ec al Sabato, il personale di servizio si occupa della pulizia e del riordino dell&#8217;appartamento (riassetto della cucina escluso) e del cambio della biancheria.<\/span><\/p>\t\t\t\t\t\t\t\t<\/div>\n\t\t\t\t<\/div>\n\t\t\t\t\t<\/div>\n\t\t\t\t<\/div>\n\t\t\t\t<\/div>\n\t\t\t\t<div class=\"elementor-element elementor-element-0d5a3da elementor-widget elementor-widget-heading\" data-id=\"0d5a3da\" data-element_type=\"widget\" data-e-type=\"widget\" data-widget_type=\"heading.default\">\n\t\t\t\t<div class=\"elementor-widget-container\">\n\t\t\t\t\t<h4 class=\"elementor-heading-title elementor-size-default\">Linen<\/h4>\t\t\t\t<\/div>\n\t\t\t\t<\/div>\n\t\t\t\t<div class=\"elementor-element elementor-element-bc2209e elementor-widget-divider--view-line elementor-widget elementor-widget-divider\" data-id=\"bc2209e\" data-element_type=\"widget\" data-e-type=\"widget\" data-widget_type=\"divider.default\">\n\t\t\t\t<div class=\"elementor-widget-container\">\n\t\t\t\t\t\t\t<div class=\"elementor-divider\">\n\t\t\t<span class=\"elementor-divider-separator\">\n\t\t\t\t\t\t<\/span>\n\t\t<\/div>\n\t\t\t\t\t\t<\/div>\n\t\t\t\t<\/div>\n\t\t\t\t<div class=\"elementor-element elementor-element-b929d16 elementor-widget elementor-widget-text-editor\" data-id=\"b929d16\" data-element_type=\"widget\" data-e-type=\"widget\" data-widget_type=\"text-editor.default\">\n\t\t\t\t<div class=\"elementor-widget-container\">\n\t\t\t\t\t\t\t\t\t<p class=\"p1\"><span class=\"s1\">The towels and bed linen are supplied. The bed linen also includes double or single duvets. The change of bathroom linen takes place every 7 days.<\/span><\/p>\t\t\t\t\t\t\t\t<\/div>\n\t\t\t\t<\/div>\n\t\t\t\t<\/div>\n\t\t\t\t\t<\/div>\n\t\t\t\t<\/div>\n\t\t<div class=\"elementor-element elementor-element-069c381 e-flex e-con-boxed e-con e-parent\" data-id=\"069c381\" data-element_type=\"container\" data-e-type=\"container\" data-settings=\"{&quot;background_background&quot;:&quot;classic&quot;}\">\n\t\t\t\t\t<div class=\"e-con-inner\">\n\t\t<div class=\"elementor-element elementor-element-ba66c47 e-con-full e-flex e-con e-child\" data-id=\"ba66c47\" data-element_type=\"container\" data-e-type=\"container\">\n\t\t\t\t<div class=\"elementor-element elementor-element-14439c7 elementor-widget elementor-widget-heading\" data-id=\"14439c7\" data-element_type=\"widget\" data-e-type=\"widget\" data-widget_type=\"heading.default\">\n\t\t\t\t<div class=\"elementor-widget-container\">\n\t\t\t\t\t<h4 class=\"elementor-heading-title elementor-size-default\">Lavanderia<\/h4>\t\t\t\t<\/div>\n\t\t\t\t<\/div>\n\t\t\t\t<div class=\"elementor-element elementor-element-9047755 elementor-widget-divider--view-line elementor-widget elementor-widget-divider\" data-id=\"9047755\" data-element_type=\"widget\" data-e-type=\"widget\" data-widget_type=\"divider.default\">\n\t\t\t\t<div class=\"elementor-widget-container\">\n\t\t\t\t\t\t\t<div class=\"elementor-divider\">\n\t\t\t<span class=\"elementor-divider-separator\">\n\t\t\t\t\t\t<\/span>\n\t\t<\/div>\n\t\t\t\t\t\t<\/div>\n\t\t\t\t<\/div>\n\t\t<div class=\"elementor-element elementor-element-b8c829a e-flex e-con-boxed e-con e-child\" data-id=\"b8c829a\" data-element_type=\"container\" data-e-type=\"container\">\n\t\t\t\t\t<div class=\"e-con-inner\">\n\t\t<div class=\"elementor-element elementor-element-82063f0 e-flex e-con-boxed e-con e-child\" data-id=\"82063f0\" data-element_type=\"container\" data-e-type=\"container\">\n\t\t\t\t\t<div class=\"e-con-inner\">\n\t\t\t\t<div class=\"elementor-element elementor-element-8f70b6a elementor-widget elementor-widget-text-editor\" data-id=\"8f70b6a\" data-element_type=\"widget\" data-e-type=\"widget\" data-widget_type=\"text-editor.default\">\n\t\t\t\t<div class=\"elementor-widget-container\">\n\t\t\t\t\t\t\t\t\t<p class=\"p1\"><span class=\"s1\">Basta lasciare l&#8217;apposito sacchetto in bella vista accompagnato dal\u00a0format in dotazione di ogni camera. Compilare la lista degli abiti da lavare. La restituzione della biancheria pulita avverr\u00e0 entro i 2 giorni successivi alla consegna. Il servizio \u00e8 attivo dal Luned\u00ec al Sabato. Inoltre \u00e8 a disposizione degli ospiti una lavatrice comune ad utilizzo gratuito.<\/span><\/p>\t\t\t\t\t\t\t\t<\/div>\n\t\t\t\t<\/div>\n\t\t\t\t\t<\/div>\n\t\t\t\t<\/div>\n\t\t\t\t\t<\/div>\n\t\t\t\t<\/div>\n\t\t\t\t<\/div>\n\t\t<div class=\"elementor-element elementor-element-4da50a9 e-con-full e-flex e-con e-child\" data-id=\"4da50a9\" data-element_type=\"container\" data-e-type=\"container\">\n\t\t\t\t<div class=\"elementor-element elementor-element-b0a6b5f elementor-widget elementor-widget-image\" data-id=\"b0a6b5f\" data-element_type=\"widget\" data-e-type=\"widget\" data-widget_type=\"image.default\">\n\t\t\t\t<div class=\"elementor-widget-container\">\n\t\t\t\t\t\t\t\t\t\t\t\t\t\t\t<img decoding=\"async\" width=\"1200\" height=\"800\" src=\"https:\/\/www.residenzaechia.it\/wp-content\/uploads\/2024\/08\/lavanderia2-1200x800.jpg\" class=\"attachment-large size-large wp-image-1119\" alt=\"\" srcset=\"https:\/\/www.residenzaechia.it\/wp-content\/uploads\/2024\/08\/lavanderia2-1200x800.jpg 1200w, https:\/\/www.residenzaechia.it\/wp-content\/uploads\/2024\/08\/lavanderia2-500x333.jpg 500w, https:\/\/www.residenzaechia.it\/wp-content\/uploads\/2024\/08\/lavanderia2-300x200.jpg 300w, https:\/\/www.residenzaechia.it\/wp-content\/uploads\/2024\/08\/lavanderia2-768x512.jpg 768w, https:\/\/www.residenzaechia.it\/wp-content\/uploads\/2024\/08\/lavanderia2-18x12.jpg 18w, https:\/\/www.residenzaechia.it\/wp-content\/uploads\/2024\/08\/lavanderia2-113x75.jpg 113w, https:\/\/www.residenzaechia.it\/wp-content\/uploads\/2024\/08\/lavanderia2-480x320.jpg 480w, https:\/\/www.residenzaechia.it\/wp-content\/uploads\/2024\/08\/lavanderia2.jpg 1251w\" sizes=\"(max-width:767px) 480px, (max-width:1200px) 100vw, 1200px\" \/>\t\t\t\t\t\t\t\t\t\t\t\t\t\t\t<\/div>\n\t\t\t\t<\/div>\n\t\t\t\t<\/div>\n\t\t\t\t\t<\/div>\n\t\t\t\t<\/div>\n\t\t<div class=\"elementor-element elementor-element-e55ad1d e-flex e-con-boxed e-con e-parent\" data-id=\"e55ad1d\" data-element_type=\"container\" data-e-type=\"container\" data-settings=\"{&quot;background_background&quot;:&quot;classic&quot;}\">\n\t\t\t\t\t<div class=\"e-con-inner\">\n\t\t<div class=\"elementor-element elementor-element-206731b e-con-full e-flex e-con e-child\" data-id=\"206731b\" data-element_type=\"container\" data-e-type=\"container\">\n\t\t\t\t<div class=\"elementor-element elementor-element-122408e elementor-widget elementor-widget-image\" data-id=\"122408e\" data-element_type=\"widget\" data-e-type=\"widget\" data-widget_type=\"image.default\">\n\t\t\t\t<div class=\"elementor-widget-container\">\n\t\t\t\t\t\t\t\t\t\t\t\t\t\t\t<img decoding=\"async\" width=\"1200\" height=\"675\" src=\"https:\/\/www.residenzaechia.it\/wp-content\/uploads\/2024\/08\/park22-1200x675.jpg\" class=\"attachment-large size-large wp-image-1120\" alt=\"\" srcset=\"https:\/\/www.residenzaechia.it\/wp-content\/uploads\/2024\/08\/park22-1200x675.jpg 1200w, https:\/\/www.residenzaechia.it\/wp-content\/uploads\/2024\/08\/park22-500x281.jpg 500w, https:\/\/www.residenzaechia.it\/wp-content\/uploads\/2024\/08\/park22-300x169.jpg 300w, https:\/\/www.residenzaechia.it\/wp-content\/uploads\/2024\/08\/park22-768x432.jpg 768w, https:\/\/www.residenzaechia.it\/wp-content\/uploads\/2024\/08\/park22-1536x864.jpg 1536w, https:\/\/www.residenzaechia.it\/wp-content\/uploads\/2024\/08\/park22-18x10.jpg 18w, https:\/\/www.residenzaechia.it\/wp-content\/uploads\/2024\/08\/park22-133x75.jpg 133w, https:\/\/www.residenzaechia.it\/wp-content\/uploads\/2024\/08\/park22-480x270.jpg 480w, https:\/\/www.residenzaechia.it\/wp-content\/uploads\/2024\/08\/park22.jpg 1600w\" sizes=\"(max-width:767px) 480px, (max-width:1200px) 100vw, 1200px\" \/>\t\t\t\t\t\t\t\t\t\t\t\t\t\t\t<\/div>\n\t\t\t\t<\/div>\n\t\t\t\t<\/div>\n\t\t<div class=\"elementor-element elementor-element-f9e2755 e-con-full e-flex e-con e-child\" data-id=\"f9e2755\" data-element_type=\"container\" data-e-type=\"container\">\n\t\t\t\t<div class=\"elementor-element elementor-element-75dcc6f elementor-widget elementor-widget-heading\" data-id=\"75dcc6f\" data-element_type=\"widget\" data-e-type=\"widget\" data-widget_type=\"heading.default\">\n\t\t\t\t<div class=\"elementor-widget-container\">\n\t\t\t\t\t<h4 class=\"elementor-heading-title elementor-size-default\">Garage<\/h4>\t\t\t\t<\/div>\n\t\t\t\t<\/div>\n\t\t\t\t<div class=\"elementor-element elementor-element-cc31876 elementor-widget-divider--view-line elementor-widget elementor-widget-divider\" data-id=\"cc31876\" data-element_type=\"widget\" data-e-type=\"widget\" data-widget_type=\"divider.default\">\n\t\t\t\t<div class=\"elementor-widget-container\">\n\t\t\t\t\t\t\t<div class=\"elementor-divider\">\n\t\t\t<span class=\"elementor-divider-separator\">\n\t\t\t\t\t\t<\/span>\n\t\t<\/div>\n\t\t\t\t\t\t<\/div>\n\t\t\t\t<\/div>\n\t\t<div class=\"elementor-element elementor-element-d5d5db4 e-flex e-con-boxed e-con e-child\" data-id=\"d5d5db4\" data-element_type=\"container\" data-e-type=\"container\">\n\t\t\t\t\t<div class=\"e-con-inner\">\n\t\t<div class=\"elementor-element elementor-element-fb7c732 e-flex e-con-boxed e-con e-child\" data-id=\"fb7c732\" data-element_type=\"container\" data-e-type=\"container\">\n\t\t\t\t\t<div class=\"e-con-inner\">\n\t\t\t\t<div class=\"elementor-element elementor-element-ecef4ba elementor-widget elementor-widget-text-editor\" data-id=\"ecef4ba\" data-element_type=\"widget\" data-e-type=\"widget\" data-widget_type=\"text-editor.default\">\n\t\t\t\t<div class=\"elementor-widget-container\">\n\t\t\t\t\t\t\t\t\t<p class=\"p1\"><span class=\"s1\">Garage convenzionato adiacente alla Residenza Echia\nLa Grotta di Partenope, Via Chiatamone nr 36\n\u20ac 30,00 al di&#8217; per auto standard\nper prenotazione garage contattare il responsabile Baldo: 3339262554\n<\/span><\/p>\t\t\t\t\t\t\t\t<\/div>\n\t\t\t\t<\/div>\n\t\t\t\t\t<\/div>\n\t\t\t\t<\/div>\n\t\t\t\t\t<\/div>\n\t\t\t\t<\/div>\n\t\t\t\t<\/div>\n\t\t\t\t\t<\/div>\n\t\t\t\t<\/div>\n\t\t<div class=\"elementor-element elementor-element-b31c9f1 elementor-hidden-desktop elementor-hidden-tablet elementor-hidden-mobile e-flex e-con-boxed e-con e-parent\" data-id=\"b31c9f1\" data-element_type=\"container\" data-e-type=\"container\">\n\t\t\t\t\t<div class=\"e-con-inner\">\n\t\t<div class=\"elementor-element elementor-element-f4bfbf4 e-con-full e-flex e-con e-child\" data-id=\"f4bfbf4\" data-element_type=\"container\" data-e-type=\"container\">\n\t\t\t\t<div class=\"elementor-element elementor-element-bdfabeb elementor-widget elementor-widget-image\" data-id=\"bdfabeb\" data-element_type=\"widget\" data-e-type=\"widget\" data-widget_type=\"image.default\">\n\t\t\t\t<div class=\"elementor-widget-container\">\n\t\t\t\t\t\t\t\t\t\t\t\t\t\t\t<img decoding=\"async\" src=\"https:\/\/www.residenzaechia.it\/wp-content\/uploads\/2023\/10\/hotel6-restaurant-pic4.webp\" class=\"attachment-large size-large wp-image-81\" alt=\"\" \/>\t\t\t\t\t\t\t\t\t\t\t\t\t\t\t<\/div>\n\t\t\t\t<\/div>\n\t\t\t\t<\/div>\n\t\t<div class=\"elementor-element elementor-element-cb374a1 e-con-full e-flex e-con e-child\" data-id=\"cb374a1\" data-element_type=\"container\" data-e-type=\"container\">\n\t\t\t\t<div class=\"elementor-element elementor-element-8ca9f9a elementor-widget elementor-widget-heading\" data-id=\"8ca9f9a\" data-element_type=\"widget\" data-e-type=\"widget\" data-widget_type=\"heading.default\">\n\t\t\t\t<div class=\"elementor-widget-container\">\n\t\t\t\t\t<h2 class=\"elementor-heading-title elementor-size-default\">Chef <span class=\"hotel6-heading-decorative\">Hulio Ormano<\/span><\/h2>\t\t\t\t<\/div>\n\t\t\t\t<\/div>\n\t\t\t\t<div class=\"elementor-element elementor-element-d41c463 elementor-widget elementor-widget-heading\" data-id=\"d41c463\" data-element_type=\"widget\" data-e-type=\"widget\" data-widget_type=\"heading.default\">\n\t\t\t\t<div class=\"elementor-widget-container\">\n\t\t\t\t\t<h5 class=\"elementor-heading-title elementor-size-default\">In the kitchen, there are no boundaries. It's where the magic of flavor meets creativity and passion, creating unforgettable culinary experiences.<\/h5>\t\t\t\t<\/div>\n\t\t\t\t<\/div>\n\t\t\t\t<div class=\"elementor-element elementor-element-b0b5597 elementor-widget-divider--view-line elementor-widget elementor-widget-divider\" data-id=\"b0b5597\" data-element_type=\"widget\" data-e-type=\"widget\" data-widget_type=\"divider.default\">\n\t\t\t\t<div class=\"elementor-widget-container\">\n\t\t\t\t\t\t\t<div class=\"elementor-divider\">\n\t\t\t<span class=\"elementor-divider-separator\">\n\t\t\t\t\t\t<\/span>\n\t\t<\/div>\n\t\t\t\t\t\t<\/div>\n\t\t\t\t<\/div>\n\t\t\t\t<div class=\"elementor-element elementor-element-507bb02 elementor-widget elementor-widget-heading\" data-id=\"507bb02\" data-element_type=\"widget\" data-e-type=\"widget\" data-widget_type=\"heading.default\">\n\t\t\t\t<div class=\"elementor-widget-container\">\n\t\t\t\t\t<h6 class=\"elementor-heading-title elementor-size-default\">Caitlyn King<\/h6>\t\t\t\t<\/div>\n\t\t\t\t<\/div>\n\t\t\t\t<div class=\"elementor-element elementor-element-3e2b6a7 elementor-widget elementor-widget-text-editor\" data-id=\"3e2b6a7\" data-element_type=\"widget\" data-e-type=\"widget\" data-widget_type=\"text-editor.default\">\n\t\t\t\t<div class=\"elementor-widget-container\">\n\t\t\t\t\t\t\t\t\t<p>Data Engineer, Sisyphus<\/p>\t\t\t\t\t\t\t\t<\/div>\n\t\t\t\t<\/div>\n\t\t\t\t<\/div>\n\t\t\t\t\t<\/div>\n\t\t\t\t<\/div>\n\t\t\t\t<\/div>","protected":false},"excerpt":{"rendered":"<p>Residenza Echia: l&#8217;alternativa a B&amp;B ed Hotel Un servizio accurato e personalizzato, una conduzione discreta ma presente, rendono la permanenza confortevole al pari di un albergo,<span class=\"excerpt-hellip\"> [\u2026]<\/span><\/p>\n","protected":false},"author":1,"featured_media":0,"parent":0,"menu_order":0,"comment_status":"closed","ping_status":"closed","template":"","meta":{"_monsterinsights_skip_tracking":false,"_monsterinsights_sitenote_active":false,"_monsterinsights_sitenote_note":"","_monsterinsights_sitenote_category":0,"footnotes":""},"class_list":["post-11","page","type-page","status-publish","hentry"],"aioseo_notices":[],"_links":{"self":[{"href":"https:\/\/www.residenzaechia.it\/en\/wp-json\/wp\/v2\/pages\/11","targetHints":{"allow":["GET"]}}],"collection":[{"href":"https:\/\/www.residenzaechia.it\/en\/wp-json\/wp\/v2\/pages"}],"about":[{"href":"https:\/\/www.residenzaechia.it\/en\/wp-json\/wp\/v2\/types\/page"}],"author":[{"embeddable":true,"href":"https:\/\/www.residenzaechia.it\/en\/wp-json\/wp\/v2\/users\/1"}],"replies":[{"embeddable":true,"href":"https:\/\/www.residenzaechia.it\/en\/wp-json\/wp\/v2\/comments?post=11"}],"version-history":[{"count":35,"href":"https:\/\/www.residenzaechia.it\/en\/wp-json\/wp\/v2\/pages\/11\/revisions"}],"predecessor-version":[{"id":1972,"href":"https:\/\/www.residenzaechia.it\/en\/wp-json\/wp\/v2\/pages\/11\/revisions\/1972"}],"wp:attachment":[{"href":"https:\/\/www.residenzaechia.it\/en\/wp-json\/wp\/v2\/media?parent=11"}],"curies":[{"name":"wp","href":"https:\/\/api.w.org\/{rel}","templated":true}]}}