{"id":1891,"date":"2024-08-18T08:54:56","date_gmt":"2024-08-18T07:54:56","guid":{"rendered":"https:\/\/www.residenzaechia.it\/?page_id=1891"},"modified":"2024-08-18T09:11:18","modified_gmt":"2024-08-18T08:11:18","slug":"privacy","status":"publish","type":"page","link":"https:\/\/www.residenzaechia.it\/en\/privacy\/","title":{"rendered":"Privacy"},"content":{"rendered":"<div data-elementor-type=\"wp-page\" data-elementor-id=\"1891\" class=\"elementor elementor-1891\">\n\t\t\t\t<div class=\"elementor-element elementor-element-00a8388 e-flex e-con-boxed e-con e-parent\" data-id=\"00a8388\" data-element_type=\"container\" data-e-type=\"container\">\n\t\t\t\t\t<div class=\"e-con-inner\">\n\t\t\t\t<div class=\"elementor-element elementor-element-90fc9c0 elementor-widget elementor-widget-text-editor\" data-id=\"90fc9c0\" data-element_type=\"widget\" data-e-type=\"widget\" data-widget_type=\"text-editor.default\">\n\t\t\t\t<div class=\"elementor-widget-container\">\n\t\t\t\t\t\t\t\t\t<p class=\"p3\"><span class=\"s1\"><b>INFORMATIVA SUL TRATTAMENTO DEI DATI PERSONALI<\/b><\/span><span class=\"s2\"><br \/><\/span><span class=\"s1\">Decreto Legislativo nr. 196 del 30 Giugno 2003 \u2013 (Codice in materia di protezione dei dati personali)<\/span><\/p><p class=\"p4\"><span class=\"s2\">Ai sensi dell\u2019articolo 13 del decreto legge suddetto, INFORMIAMO che Echia Unipersonale tratta dati personali comuni di clienti, fornitori e di soggetti che hanno volontariamente comunicato direttamente o telefonicamente o via posta o via fax o via e-mail i loro dati anagrafici al nostro ufficio commerciale o all\u2019azienda che esegue il servizio di telemarketing per nostro conto.<\/span><\/p><p class=\"p4\"><span class=\"s2\">Secondo la legge indicata (rif. Art. 2 \u2013 Finalit\u00e0), Echia Unipersonale garantisce che il trattamento dei dati personali si svolga nel rispetto dei diritti e delle libert\u00e0 fondamentali, nonch\u00e9 della dignit\u00e0 dell\u2019interessato, con particolare riferimento alla riservatezza, all\u2019identit\u00e0 personale e al diritto alla protezione dei dati personali.<\/span><\/p><p class=\"p4\"><span class=\"s2\"><b>Finalit\u00e0 del trattamento dei dati personali<\/b><\/span><\/p><p class=\"p4\"><span class=\"s2\">Tutti i dati comunicati dai soggetti interessati, sono trattati esclusivamente per adempimenti connessi all\u2019attivit\u00e0 economica dell\u2019azienda, in particolare: per l\u2019inserimento delle anagrafiche nei database informatici aziendali; per l\u2019elaborazione di statistiche interne; per la registrazione di schede intervento tecnico per assistenza e\/o formazione; per l\u2019emissione di documenti di trasporto, fatture e note accredito; per l\u2019emissione di preventivi e offerte a clienti attivi e\/o potenziali; per l\u2019emissione di richieste preventivi e offerte a fornitori attivi e\/o potenziali; per la tenuta della contabilit\u00e0 ordinaria e iva; per la gestione di incassi e pagamenti; per l\u2019invio di informative commerciali inerenti la propria attivit\u00e0 o quella di aziende collegate sempre del settore informatico, a clienti attivi e\/o potenziali; per lo scambio di comunicazioni inerenti l\u2019attivit\u00e0 economica, amministrativa e commerciale dell\u2019azienda \u2013 via telefono, posta, spedizioniere, fax, e-mail e tramite aree private del sito Internet del Echia Unipersonale; per soddisfare gli obblighi previsti dalle norme di legge, dai regolamenti, dalla normativa comunitaria, da norme civilistiche e fiscali;<\/span><\/p><p class=\"p4\"><span class=\"s2\"><b>Comunicazione e diffusione dei dati<\/b><\/span><\/p><p class=\"p4\"><span class=\"s2\">I dati personali degli interessati, qualora fosse necessario, potranno essere comunicati anche: a tutti i soggetti cui la facolt\u00e0 di accesso a tali dati \u00e8 riconosciuta in forza di provvedimenti normativi; ai nostri collaboratori, dipendenti, agenti e fornitori, nell\u2019ambito delle relative mansioni e\/o di eventuali obblighi contrattuali con loro, inerenti i rapporti commerciali con gli interessati; a societ\u00e0 di factoring, societ\u00e0 di recupero credito, societ\u00e0 di assicurazione del credito; alle aziende produttrici e\/o concedenti le licenze d\u2019uso degli eventuali servizi\/prodotti forniti, esclusivamente quando la comunicazione risulti necessaria all\u2019utilizzo da parte dell\u2019interessato dei servizi\/prodotti acquisiti; agli uffici postali, a spedizionieri e a corrieri per l\u2019invio di documentazione e\/o materiale; ai fornitori di servizi di Unified Messaging via Internet, quando l\u2019invio di lettere e comunicazioni agli interessati, inerenti le finalit\u00e0 del trattamento, avvengano tramite questo canale; a tutte quelle persone fisiche e\/o giuridiche, pubbliche e\/o private (studi di consulenza legale, amministrativa e fiscale, studi di consulenza del lavoro per la compilazione delle buste paga, Uffici Giudiziari, Camere di Commercio, Camere ed Uffici del Lavoro, ecc.), quando la comunicazione risulti necessaria o funzionale allo svolgimento della nostra attivit\u00e0 e nei modi e per le finalit\u00e0 sopra illustrate; istituti bancari per la gestione d\u2019incassi e pagamenti derivanti dall\u2019esecuzione dei contratti;<\/span><span class=\"s3\"><br \/><\/span><span class=\"s2\">Natura della raccolta e conseguenze di un eventuale mancato conferimento<\/span><\/p><p class=\"p4\"><span class=\"s2\">Il conferimento dei propri dati personali, da parte dei soggetti che intendono aprire un rapporto commerciale con la nostra azienda, anche se puramente informativo sulle nostre attivit\u00e0 \/servizi, \u00e8 da ritenersi facoltativo, ma il loro eventuale mancato conferimento potrebbe comportare la mancata prosecuzione del rapporto, del suo corretto svolgimento e degli eventuali adempimenti di legge, anche fiscali. I dati sono conservati presso la sede operativa della nostra societ\u00e0, per il tempo prescritto dalle norme civilistiche e fiscali.<\/span><\/p><p class=\"p4\"><span class=\"s2\">Le modalit\u00e0 del trattamento<\/span><\/p><p class=\"p4\"><span class=\"s2\">Il trattamento dei dati personali avviene esclusivamente all\u2019interno della sede Echia Unipersonale utilizzando sia supporti cartacei che informatici, per via sia telefonica che telematica, anche attraverso strumenti automatizzati atti a memorizzare, gestire e trasmettere i dati stessi, con l\u2019osservanza di ogni misura cautelativa, che ne garantisca la sicurezza e la riservatezza.<\/span><\/p><p class=\"p4\"><span class=\"s2\"><b>Titolare del Trattamento dei dati personali<\/b><\/span><\/p><p class=\"p4\"><span class=\"s2\">Il Titolare del trattamento dei dati personali \u00e8 Echia Unipersonale<\/span><\/p><p class=\"p4\"><span class=\"s2\">Alla data odierna, il Responsabile della protezione dei dati\/Data Protection Officer \u00e8 la titolare Doriana Narni Mancinelli<\/span><\/p><p class=\"p4\"><span class=\"s2\"><b>Diritto di accesso ai dati personali<\/b><\/span><\/p><p class=\"p4\"><span class=\"s2\">L\u2019interessato ha diritto di ottenere la conferma dell\u2019esistenza o meno di dati personali che lo riguardano, anche se non ancora registrati, e la loro comunicazione in forma intelligibile.<\/span><\/p><p class=\"p3\"><span class=\"s1\">L\u2019interessato ha diritto di ottenere l\u2019indicazione: dell\u2019origine dei dati personali, delle finalit\u00e0 e modalit\u00e0 del trattamento; della logica applicata in caso di trattamento effettuato con l\u2019ausilio di strumenti elettronici; degli estremi identificativi del titolare, dei responsabili e del rappresentante designato ai sensi dell\u2019articolo 5, comma 2 del dlg. 196\/2003; dei soggetti o delle categorie di soggetti ai quali i dati personali possono essere comunicati o che possono venirne a conoscenza in qualit\u00e0 di rappresentante designato nel territorio dello Stato, di responsabili o incaricati.<\/span><span class=\"s2\"><br \/><\/span><span class=\"s1\">L\u2019interessato ha diritto di ottenere: l\u2019aggiornamento, la rettificazione ovvero, quando vi ha interesse, l\u2019integrazione dei dati; la cancellazione, la trasformazione in forma anonima o il blocco dei dati trattati in violazione di legge, compresi quelli di cui non \u00e8 necessaria la conservazione in relazione agli scopi per i quali i dati sono stati raccolti o successivamente trattati;<\/span><span class=\"s2\"><br \/><\/span><span class=\"s1\">L\u2019interessato ha diritto di opporsi, in tutto o in parte: per motivi legittimi al trattamento dei dati personali che lo riguardano, ancorch\u00e9 pertinenti allo scopo della raccolta; al trattamento di dati personali che lo riguardano a fini di invio di materiale pubblicitario o di vendita diretta o per il compimento di ricerche di mercato o di comunicazione commerciale.<\/span><span class=\"s2\"><br \/><\/span><span class=\"s1\">I diritti di cui sopra potranno essere esercitati con richiesta rivolta senza formalit\u00e0 al titolare o ad uno dei responsabili, anche per il tramite di un incaricato, alla quale \u00e8 fornito idoneo riscontro senza ritardo. La richiesta rivolta al titolare o al responsabile potr\u00e0 essere trasmessa anche mediante lettera raccomandata, telefax, posta elettronica.<\/span><\/p><p class=\"p3\"><span class=\"s1\">Art. 7<\/span><span class=\"s2\"><br \/><\/span><span class=\"s1\">(Diritto di accesso ai dati personali ed altri diritti)<\/span><\/p><p class=\"p4\"><span class=\"s2\">1. L\u2019interessato ha diritto di ottenere la conferma dell\u2019esistenza o meno di dati personali che lo riguardano, anche se non ancora registrati, e la loro comunicazione in forma intelligibile.<\/span><\/p><p class=\"p3\"><span class=\"s1\">2. L\u2019interessato ha diritto di ottenere l\u2019indicazione:<\/span><span class=\"s2\"><br \/><\/span><span class=\"s1\">a) dell\u2019origine dei dati personali;<\/span><span class=\"s2\"><br \/><\/span><span class=\"s1\">b) delle finalit\u00e0 e modalit\u00e0 del trattamento;<\/span><span class=\"s2\"><br \/><\/span><span class=\"s1\">c) della logica applicata in caso di trattamento effettuato con l\u2019ausilio di strumenti elettronici;<\/span><span class=\"s2\"><br \/><\/span><span class=\"s1\">d) degli estremi identificativi del titolare, dei responsabili e del rappresentante designato ai sensi dell\u2019articolo 5, comma 2;<\/span><span class=\"s2\"><br \/><\/span><span class=\"s1\">e) dei soggetti o delle categorie di soggetti ai quali i dati personali possono essere comunicati o che possono venirne a conoscenza in qualit\u00e0 di rappresentante designato nel territorio dello Stato, di responsabili o incaricati.<\/span><\/p><p class=\"p3\"><span class=\"s1\">3. L\u2019interessato ha diritto di ottenere:<\/span><span class=\"s2\"><br \/><\/span><span class=\"s1\">a) l\u2019aggiornamento, la rettificazione ovvero, quando vi ha interesse,<\/span><span class=\"s2\"><br \/><\/span><span class=\"s1\">l\u2019integrazione dei dati;<\/span><span class=\"s2\"><br \/><\/span><span class=\"s1\">b) la cancellazione, la trasformazione in forma anonima o il blocco dei dati trattati in violazione di legge, compresi quelli di cui non \u00e8 necessaria la conservazione in relazione agli scopi per i quali i dati sono stati raccolti o successivamente trattati;<\/span><span class=\"s2\"><br \/><\/span><span class=\"s1\">c) l\u2019attestazione che le operazioni di cui alle lettere a) e b) sono state<\/span><span class=\"s2\"><br \/><\/span><span class=\"s1\">portate a conoscenza, anche per quanto riguarda il loro contenuto, di coloro ai quali i dati sono stati comunicati o diffusi, eccettuato il caso in cui tale adempimento si rivela impossibile o comporta un impiego di mezzi manifestamente sproporzionato rispetto al diritto tutelato.<\/span><\/p><p class=\"p3\"><span class=\"s1\">4. L\u2019interessato ha diritto di opporsi, in tutto o in parte:<\/span><span class=\"s2\"><br \/><\/span><span class=\"s1\">a) per motivi legittimi al trattamento dei dati personali che lo riguardano, ancorch\u00e9 pertinenti allo scopo della raccolta;<\/span><span class=\"s2\"><br \/><\/span><span class=\"s1\">b) al trattamento di dati personali che lo riguardano a fini di invio di<\/span><span class=\"s2\"><br \/><\/span><span class=\"s1\">materiale pubblicitario o di vendita diretta o per il compimento di ricerche di mercato o di comunicazione commerciale<\/span><\/p><p class=\"p4\"><span class=\"s2\"><b>MISURE DI SICUREZZA DEL SITO<\/b><\/span><\/p><p class=\"p3\"><span class=\"s1\">Per la gestione del sito sono state adottate specifiche misure di sicurezza, dirette a garantire l\u2019accesso sicuro ed a tutelare le informazioni contenute nell\u2019area riservata da rischi di perdita o distruzione anche accidentale dei dati stessi, di accesso non autorizzato o di trattamento non consentito o non conforme alle finalit\u00e0 della raccolta.<\/span><span class=\"s2\"><br \/><\/span><span class=\"s1\">Il software antivirus viene aggiornato automaticamente. Per l\u2019accesso all\u2019area riservata del sito vengono assegnate ai clienti un codice identificativo ed una password. Queste ultime vengono assegnate e comunicate in via riservata alla persona designata dal cliente, se ente o Societ\u00e0, ovvero al cliente stesso, se persona fisica. L\u2019utente \u00e8 tenuto a conservare il codice identificativo e la password in modo riservato.<\/span><\/p>\t\t\t\t\t\t\t\t<\/div>\n\t\t\t\t<\/div>\n\t\t\t\t\t<\/div>\n\t\t\t\t<\/div>\n\t\t\t\t<\/div>","protected":false},"excerpt":{"rendered":"<p>INFORMATIVA SUL TRATTAMENTO DEI DATI PERSONALIDecreto Legislativo nr. 196 del 30 Giugno 2003 \u2013 (Codice in materia di protezione dei dati personali) Ai sensi dell\u2019articolo 13<span class=\"excerpt-hellip\"> [\u2026]<\/span><\/p>\n","protected":false},"author":1,"featured_media":0,"parent":0,"menu_order":0,"comment_status":"closed","ping_status":"closed","template":"","meta":{"_monsterinsights_skip_tracking":false,"_monsterinsights_sitenote_active":false,"_monsterinsights_sitenote_note":"","_monsterinsights_sitenote_category":0,"footnotes":""},"class_list":["post-1891","page","type-page","status-publish","hentry"],"aioseo_notices":[],"_links":{"self":[{"href":"https:\/\/www.residenzaechia.it\/en\/wp-json\/wp\/v2\/pages\/1891","targetHints":{"allow":["GET"]}}],"collection":[{"href":"https:\/\/www.residenzaechia.it\/en\/wp-json\/wp\/v2\/pages"}],"about":[{"href":"https:\/\/www.residenzaechia.it\/en\/wp-json\/wp\/v2\/types\/page"}],"author":[{"embeddable":true,"href":"https:\/\/www.residenzaechia.it\/en\/wp-json\/wp\/v2\/users\/1"}],"replies":[{"embeddable":true,"href":"https:\/\/www.residenzaechia.it\/en\/wp-json\/wp\/v2\/comments?post=1891"}],"version-history":[{"count":4,"href":"https:\/\/www.residenzaechia.it\/en\/wp-json\/wp\/v2\/pages\/1891\/revisions"}],"predecessor-version":[{"id":1898,"href":"https:\/\/www.residenzaechia.it\/en\/wp-json\/wp\/v2\/pages\/1891\/revisions\/1898"}],"wp:attachment":[{"href":"https:\/\/www.residenzaechia.it\/en\/wp-json\/wp\/v2\/media?parent=1891"}],"curies":[{"name":"wp","href":"https:\/\/api.w.org\/{rel}","templated":true}]}}